{"id":1377,"date":"2023-08-13T17:06:15","date_gmt":"2023-08-13T17:06:15","guid":{"rendered":"https:\/\/belgianmidwivesassociation.be\/politique-de-confidentialite\/"},"modified":"2023-09-12T12:14:10","modified_gmt":"2023-09-12T12:14:10","slug":"politique-de-confidentialite","status":"publish","type":"page","link":"https:\/\/belgianmidwivesassociation.be\/fr\/politique-de-confidentialite\/","title":{"rendered":"Politique de confidentialit\u00e9"},"content":{"rendered":"<p>[et_pb_section fb_built=\u00a0\u00bb1&Prime; _builder_version=\u00a0\u00bb4.22.0&Prime; _module_preset=\u00a0\u00bbdefault\u00a0\u00bb global_colors_info=\u00a0\u00bb{}\u00a0\u00bb][et_pb_row _builder_version=\u00a0\u00bb4.22.0&Prime; _module_preset=\u00a0\u00bbdefault\u00a0\u00bb global_colors_info=\u00a0\u00bb{}\u00a0\u00bb][et_pb_column type=\u00a0\u00bb4_4&Prime; _builder_version=\u00a0\u00bb4.22.0&Prime; _module_preset=\u00a0\u00bbdefault\u00a0\u00bb global_colors_info=\u00a0\u00bb{}\u00a0\u00bb][et_pb_text _builder_version=\u00a0\u00bb4.22.1&Prime; _module_preset=\u00a0\u00bbdefault\u00a0\u00bb header_font=\u00a0\u00bb|600|||||||\u00a0\u00bb custom_padding=\u00a0\u00bb||19px|||\u00a0\u00bb global_colors_info=\u00a0\u00bb{}\u00a0\u00bb]<\/p>\n<h1>Politique de confidentialit\u00e9<\/h1>\n<p>[\/et_pb_text][et_pb_text _builder_version=\u00a0\u00bb4.22.1&Prime; _module_preset=\u00a0\u00bbdefault\u00a0\u00bb text_font=\u00a0\u00bb||on||||||\u00a0\u00bb text_text_color=\u00a0\u00bb#8F8F8F\u00a0\u00bb text_font_size=\u00a0\u00bb16px\u00a0\u00bb text_line_height=\u00a0\u00bb1.3em\u00a0\u00bb custom_padding=\u00a0\u00bb||29px|||\u00a0\u00bb hover_enabled=\u00a0\u00bb0&Prime; global_colors_info=\u00a0\u00bb{}\u00a0\u00bb sticky_enabled=\u00a0\u00bb0&Prime;]<\/p>\n<p>Derni\u00e8re mise \u00e0 jour le 07 ao\u00fbt 2023<br \/>Date d&rsquo;entr\u00e9e en vigueur 01 septembre 2023<\/p>\n<p>[\/et_pb_text][et_pb_text _builder_version=\u00a0\u00bb4.22.1&Prime; _module_preset=\u00a0\u00bbdefault\u00a0\u00bb text_font=\u00a0\u00bb|300|||||||\u00a0\u00bb text_font_size=\u00a0\u00bb18px\u00a0\u00bb custom_padding=\u00a0\u00bb||29px|||\u00a0\u00bb global_colors_info=\u00a0\u00bb{}\u00a0\u00bb]<\/p>\n<p>Antwerpen 2018, Belgique, email : <a href=\"mailto:belgianmidwivesassociation@gmail.com\"><span style=\"text-decoration: underline;\"><span style=\"text-decoration: underline;\">belgianmidwivesassociation@gmail.com<\/span><\/span><\/a>,\u00a0<span style=\"color: #999999;\"><a href=\"mailto:belgianmidwivesassociation@gmail.com\" style=\"color: #999999;\"><span style=\"text-decoration: underline;\"><\/span><\/a><\/span>concernant la collecte, l&rsquo;utilisation et la divulgation des informations que nous recueillons lorsque vous utilisez notre site web (<span style=\"text-decoration: underline;\"><span style=\"text-decoration: underline;\"><a href=\"https:\/\/belgianmidwivesassociation.be\/fr\/\"><span style=\"text-decoration: underline;\">https:\/\/belgianmidwivesassociation.be<\/span><\/a><\/span><\/span>). (le \u00ab\u00a0Service\u00a0\u00bb). En acc\u00e9dant au service ou en l&rsquo;utilisant, vous consentez \u00e0 la collecte, \u00e0 l&rsquo;utilisation et \u00e0 la divulgation de vos informations conform\u00e9ment \u00e0 la pr\u00e9sente politique de confidentialit\u00e9. Si vous n&rsquo;y consentez pas, veuillez ne pas acc\u00e9der au service ni l&rsquo;utiliser.<\/p>\n<p>[\/et_pb_text][et_pb_text _builder_version=\u00a0\u00bb4.22.1&Prime; _module_preset=\u00a0\u00bbdefault\u00a0\u00bb text_font=\u00a0\u00bb|300|||||||\u00a0\u00bb text_font_size=\u00a0\u00bb18px\u00a0\u00bb custom_padding=\u00a0\u00bb||29px|||\u00a0\u00bb global_colors_info=\u00a0\u00bb{}\u00a0\u00bb]<\/p>\n<p>Nous pouvons modifier la pr\u00e9sente politique de confidentialit\u00e9 \u00e0 tout moment sans vous en informer au pr\u00e9alable et nous publierons la politique de confidentialit\u00e9 r\u00e9vis\u00e9e sur le service. La politique r\u00e9vis\u00e9e entrera en vigueur 180 jours apr\u00e8s sa publication dans le service et votre acc\u00e8s ou utilisation continue du service apr\u00e8s cette date constituera votre acceptation de la politique de confidentialit\u00e9 r\u00e9vis\u00e9e. Nous vous recommandons donc de consulter r\u00e9guli\u00e8rement cette page.<\/p>\n<p>[\/et_pb_text][et_pb_text _builder_version=\u00a0\u00bb4.22.1&Prime; _module_preset=\u00a0\u00bbdefault\u00a0\u00bb header_3_font=\u00a0\u00bbBarlow|500|||on||||\u00a0\u00bb header_3_text_color=\u00a0\u00bb#F230D5&Prime; custom_padding=\u00a0\u00bb||9px|||\u00a0\u00bb global_colors_info=\u00a0\u00bb{}\u00a0\u00bb]<\/p>\n<h3>\u2022 VOS DROITS :<\/h3>\n<p>[\/et_pb_text][et_pb_text _builder_version=\u00a0\u00bb4.22.1&Prime; _module_preset=\u00a0\u00bbdefault\u00a0\u00bb text_font=\u00a0\u00bb|300|||||||\u00a0\u00bb text_font_size=\u00a0\u00bb18px\u00a0\u00bb custom_padding=\u00a0\u00bb||29px|||\u00a0\u00bb global_colors_info=\u00a0\u00bb{}\u00a0\u00bb]<\/p>\n<p>En fonction de la l\u00e9gislation applicable, vous pouvez avoir un droit d&rsquo;acc\u00e8s et de rectification ou d&rsquo;effacement de vos donn\u00e9es \u00e0 caract\u00e8re personnel ou recevoir une copie de vos donn\u00e9es \u00e0 caract\u00e8re personnel, restreindre le traitement actif de vos donn\u00e9es ou vous y opposer, nous demander de partager (portage) vos informations \u00e0 caract\u00e8re personnel avec une autre entit\u00e9, retirer tout consentement que vous nous avez donn\u00e9 pour traiter vos donn\u00e9es, un droit de d\u00e9poser une plainte aupr\u00e8s d&rsquo;une autorit\u00e9 statutaire et tout autre droit pertinent en vertu de la l\u00e9gislation applicable. Pour exercer ces droits, vous pouvez nous \u00e9crire \u00e0 <a href=\"mailto:belgianmidwivesassociation@gmail.com\"><span style=\"text-decoration: underline;\"><span style=\"text-decoration: underline;\">belgianmidwivesassociation@gmail.com<\/span><\/span><\/a>. Nous r\u00e9pondrons \u00e0 votre demande conform\u00e9ment \u00e0 la l\u00e9gislation applicable.<\/p>\n<p>[\/et_pb_text][et_pb_text _builder_version=\u00a0\u00bb4.22.0&Prime; _module_preset=\u00a0\u00bbdefault\u00a0\u00bb text_font=\u00a0\u00bb|300|||||||\u00a0\u00bb text_font_size=\u00a0\u00bb18px\u00a0\u00bb custom_padding=\u00a0\u00bb||29px|||\u00a0\u00bb global_colors_info=\u00a0\u00bb{}\u00a0\u00bb]<\/p>\n<p>Veuillez noter que si vous ne nous autorisez pas \u00e0 collecter ou \u00e0 traiter les informations personnelles requises ou si vous retirez votre consentement au traitement de ces informations aux fins requises, il se peut que vous ne puissiez pas acc\u00e9der aux services pour lesquels vos informations ont \u00e9t\u00e9 demand\u00e9es, ni les utiliser. <\/p>\n<p>[\/et_pb_text][et_pb_text _builder_version=\u00a0\u00bb4.22.1&Prime; _module_preset=\u00a0\u00bbdefault\u00a0\u00bb header_3_font=\u00a0\u00bbBarlow|500|||on||||\u00a0\u00bb header_3_text_color=\u00a0\u00bb#F230D5&Prime; custom_padding=\u00a0\u00bb||9px|||\u00a0\u00bb global_colors_info=\u00a0\u00bb{}\u00a0\u00bb]<\/p>\n<h3>\u2022 COOKIES ETC.<\/h3>\n<p>[\/et_pb_text][et_pb_text _builder_version=\u00a0\u00bb4.22.0&Prime; _module_preset=\u00a0\u00bbdefault\u00a0\u00bb text_font=\u00a0\u00bb|300|||||||\u00a0\u00bb text_font_size=\u00a0\u00bb18px\u00a0\u00bb custom_padding=\u00a0\u00bb||29px|||\u00a0\u00bb global_colors_info=\u00a0\u00bb{}\u00a0\u00bb]<\/p>\n<p>Pour en savoir plus sur la mani\u00e8re dont nous les utilisons et sur les choix qui s&rsquo;offrent \u00e0 vous en ce qui concerne ces technologies de suivi, veuillez vous reporter \u00e0 notre politique en mati\u00e8re de Cookies. <\/p>\n<p>[\/et_pb_text][et_pb_text _builder_version=\u00a0\u00bb4.22.1&Prime; _module_preset=\u00a0\u00bbdefault\u00a0\u00bb header_3_font=\u00a0\u00bbBarlow|500|||on||||\u00a0\u00bb header_3_text_color=\u00a0\u00bb#F230D5&Prime; custom_padding=\u00a0\u00bb||9px|||\u00a0\u00bb global_colors_info=\u00a0\u00bb{}\u00a0\u00bb]<\/p>\n<h3>\u2022 S\u00c9CURIT\u00c9 :<\/h3>\n<p>[\/et_pb_text][et_pb_text _builder_version=\u00a0\u00bb4.22.0&Prime; _module_preset=\u00a0\u00bbdefault\u00a0\u00bb text_font=\u00a0\u00bb|300|||||||\u00a0\u00bb text_font_size=\u00a0\u00bb18px\u00a0\u00bb custom_padding=\u00a0\u00bb||29px|||\u00a0\u00bb global_colors_info=\u00a0\u00bb{}\u00a0\u00bb]<\/p>\n<p>La s\u00e9curit\u00e9 de vos informations est importante pour nous et nous utiliserons des mesures de s\u00e9curit\u00e9 raisonnables pour emp\u00eacher la perte, l&rsquo;utilisation abusive ou la modification non autoris\u00e9e de vos informations sous notre contr\u00f4le. Toutefois, compte tenu des risques inh\u00e9rents, nous ne pouvons pas garantir une s\u00e9curit\u00e9 absolue et, par cons\u00e9quent, nous ne pouvons pas assurer ou garantir la s\u00e9curit\u00e9 des informations que vous nous transmettez et vous le faites \u00e0 vos propres risques. <\/p>\n<p>[\/et_pb_text][et_pb_text _builder_version=\u00a0\u00bb4.22.1&Prime; _module_preset=\u00a0\u00bbdefault\u00a0\u00bb header_3_font=\u00a0\u00bbBarlow|500|||on||||\u00a0\u00bb header_3_text_color=\u00a0\u00bb#F230D5&Prime; custom_padding=\u00a0\u00bb||9px|||\u00a0\u00bb global_colors_info=\u00a0\u00bb{}\u00a0\u00bb]<\/p>\n<h3>\u2022 GRIEFS\/D\u00c9L\u00c9GU\u00c9 \u00c0 LA PROTECTION DES DONN\u00c9ES :<\/h3>\n<p>[\/et_pb_text][et_pb_text _builder_version=\u00a0\u00bb4.22.1&Prime; _module_preset=\u00a0\u00bbdefault\u00a0\u00bb text_font=\u00a0\u00bb|300|||||||\u00a0\u00bb text_font_size=\u00a0\u00bb18px\u00a0\u00bb custom_padding=\u00a0\u00bb||29px|||\u00a0\u00bb global_colors_info=\u00a0\u00bb{}\u00a0\u00bb]<\/p>\n<p>Si vous avez des questions ou des pr\u00e9occupations concernant le traitement de vos informations disponibles chez nous, vous pouvez envoyer un courriel \u00e0 notre responsable des plaintes \u00e0 l&rsquo;Association belge des sages-femmes, Haantjeslei 185\/01, courriel : <a href=\"mailto:belgianmidwivesassociation@gmail.com\"><span style=\"text-decoration: underline;\"><span style=\"text-decoration: underline;\">belgianmidwivesassociation@gmail.com<\/span><\/span><\/a>. Nous r\u00e9pondrons \u00e0 vos pr\u00e9occupations conform\u00e9ment \u00e0 la l\u00e9gislation applicable.<\/p>\n<p>[\/et_pb_text][\/et_pb_column][\/et_pb_row][\/et_pb_section]<\/p>\n","protected":false},"excerpt":{"rendered":"<p>Politique de confidentialit\u00e9Derni\u00e8re mise \u00e0 jour le 07 ao\u00fbt 2023Date d&rsquo;entr\u00e9e en vigueur 01 septembre 2023Antwerpen 2018, Belgique, email : belgianmidwivesassociation@gmail.com,\u00a0concernant la collecte, l&rsquo;utilisation et la divulgation des informations que nous recueillons lorsque vous utilisez notre site web (https:\/\/belgianmidwivesassociation.be). (le \u00ab\u00a0Service\u00a0\u00bb). En acc\u00e9dant au service ou en l&rsquo;utilisant, vous consentez \u00e0 la collecte, \u00e0 l&rsquo;utilisation [&hellip;]<\/p>\n","protected":false},"author":2,"featured_media":0,"parent":0,"menu_order":0,"comment_status":"closed","ping_status":"closed","template":"","meta":{"_et_pb_use_builder":"on","_et_pb_old_content":"","_et_gb_content_width":"","footnotes":""},"class_list":["post-1377","page","type-page","status-publish","hentry"],"yoast_head":"<!-- This site is optimized with the Yoast SEO plugin v25.7 - https:\/\/yoast.com\/wordpress\/plugins\/seo\/ -->\n<title>Politique de confidentialit\u00e9 &#8211; Belgian Midwives Association<\/title>\n<meta name=\"robots\" content=\"index, follow, max-snippet:-1, max-image-preview:large, max-video-preview:-1\" \/>\n<link rel=\"canonical\" href=\"https:\/\/belgianmidwivesassociation.be\/fr\/politique-de-confidentialite\/\" \/>\n<meta property=\"og:locale\" content=\"fr_FR\" \/>\n<meta property=\"og:type\" content=\"article\" \/>\n<meta property=\"og:title\" content=\"Politique de confidentialit\u00e9 &#8211; Belgian Midwives Association\" \/>\n<meta property=\"og:description\" content=\"Politique de confidentialit\u00e9Derni\u00e8re mise \u00e0 jour le 07 ao\u00fbt 2023Date d&#039;entr\u00e9e en vigueur 01 septembre 2023Antwerpen 2018, Belgique, email : belgianmidwivesassociation@gmail.com,\u00a0concernant la collecte, l&#039;utilisation et la divulgation des informations que nous recueillons lorsque vous utilisez notre site web (https:\/\/belgianmidwivesassociation.be). (le &quot;Service&quot;). En acc\u00e9dant au service ou en l&#039;utilisant, vous consentez \u00e0 la collecte, \u00e0 l&#039;utilisation [&hellip;]\" \/>\n<meta property=\"og:url\" content=\"https:\/\/belgianmidwivesassociation.be\/fr\/politique-de-confidentialite\/\" \/>\n<meta property=\"og:site_name\" content=\"Belgian Midwives Association\" \/>\n<meta property=\"article:modified_time\" content=\"2023-09-12T12:14:10+00:00\" \/>\n<meta name=\"twitter:card\" content=\"summary_large_image\" \/>\n<meta name=\"twitter:label1\" content=\"Dur\u00e9e de lecture estim\u00e9e\" \/>\n\t<meta name=\"twitter:data1\" content=\"4 minutes\" \/>\n<script type=\"application\/ld+json\" class=\"yoast-schema-graph\">{\"@context\":\"https:\/\/schema.org\",\"@graph\":[{\"@type\":\"WebPage\",\"@id\":\"https:\/\/belgianmidwivesassociation.be\/fr\/politique-de-confidentialite\/\",\"url\":\"https:\/\/belgianmidwivesassociation.be\/fr\/politique-de-confidentialite\/\",\"name\":\"Politique de confidentialit\u00e9 &#8211; Belgian Midwives Association\",\"isPartOf\":{\"@id\":\"https:\/\/belgianmidwivesassociation.be\/fr\/#website\"},\"datePublished\":\"2023-08-13T17:06:15+00:00\",\"dateModified\":\"2023-09-12T12:14:10+00:00\",\"breadcrumb\":{\"@id\":\"https:\/\/belgianmidwivesassociation.be\/fr\/politique-de-confidentialite\/#breadcrumb\"},\"inLanguage\":\"fr-FR\",\"potentialAction\":[{\"@type\":\"ReadAction\",\"target\":[\"https:\/\/belgianmidwivesassociation.be\/fr\/politique-de-confidentialite\/\"]}]},{\"@type\":\"BreadcrumbList\",\"@id\":\"https:\/\/belgianmidwivesassociation.be\/fr\/politique-de-confidentialite\/#breadcrumb\",\"itemListElement\":[{\"@type\":\"ListItem\",\"position\":1,\"name\":\"Home\",\"item\":\"https:\/\/belgianmidwivesassociation.be\/fr\/accueil-fr\/\"},{\"@type\":\"ListItem\",\"position\":2,\"name\":\"Politique de confidentialit\u00e9\"}]},{\"@type\":\"WebSite\",\"@id\":\"https:\/\/belgianmidwivesassociation.be\/fr\/#website\",\"url\":\"https:\/\/belgianmidwivesassociation.be\/fr\/\",\"name\":\"Belgian Midwives Association\",\"description\":\"\",\"publisher\":{\"@id\":\"https:\/\/belgianmidwivesassociation.be\/fr\/#organization\"},\"potentialAction\":[{\"@type\":\"SearchAction\",\"target\":{\"@type\":\"EntryPoint\",\"urlTemplate\":\"https:\/\/belgianmidwivesassociation.be\/fr\/?s={search_term_string}\"},\"query-input\":{\"@type\":\"PropertyValueSpecification\",\"valueRequired\":true,\"valueName\":\"search_term_string\"}}],\"inLanguage\":\"fr-FR\"},{\"@type\":\"Organization\",\"@id\":\"https:\/\/belgianmidwivesassociation.be\/fr\/#organization\",\"name\":\"Belgian Midwives Association\",\"url\":\"https:\/\/belgianmidwivesassociation.be\/fr\/\",\"logo\":{\"@type\":\"ImageObject\",\"inLanguage\":\"fr-FR\",\"@id\":\"https:\/\/belgianmidwivesassociation.be\/fr\/#\/schema\/logo\/image\/\",\"url\":\"https:\/\/belgianmidwivesassociation.be\/wp-content\/uploads\/2022\/12\/BMA_Logo_Color_0809_cropped.png\",\"contentUrl\":\"https:\/\/belgianmidwivesassociation.be\/wp-content\/uploads\/2022\/12\/BMA_Logo_Color_0809_cropped.png\",\"width\":3598,\"height\":1439,\"caption\":\"Belgian Midwives Association\"},\"image\":{\"@id\":\"https:\/\/belgianmidwivesassociation.be\/fr\/#\/schema\/logo\/image\/\"}}]}<\/script>\n<!-- \/ Yoast SEO plugin. -->","yoast_head_json":{"title":"Politique de confidentialit\u00e9 &#8211; Belgian Midwives Association","robots":{"index":"index","follow":"follow","max-snippet":"max-snippet:-1","max-image-preview":"max-image-preview:large","max-video-preview":"max-video-preview:-1"},"canonical":"https:\/\/belgianmidwivesassociation.be\/fr\/politique-de-confidentialite\/","og_locale":"fr_FR","og_type":"article","og_title":"Politique de confidentialit\u00e9 &#8211; Belgian Midwives Association","og_description":"Politique de confidentialit\u00e9Derni\u00e8re mise \u00e0 jour le 07 ao\u00fbt 2023Date d'entr\u00e9e en vigueur 01 septembre 2023Antwerpen 2018, Belgique, email : belgianmidwivesassociation@gmail.com,\u00a0concernant la collecte, l'utilisation et la divulgation des informations que nous recueillons lorsque vous utilisez notre site web (https:\/\/belgianmidwivesassociation.be). (le \"Service\"). En acc\u00e9dant au service ou en l'utilisant, vous consentez \u00e0 la collecte, \u00e0 l'utilisation [&hellip;]","og_url":"https:\/\/belgianmidwivesassociation.be\/fr\/politique-de-confidentialite\/","og_site_name":"Belgian Midwives Association","article_modified_time":"2023-09-12T12:14:10+00:00","twitter_card":"summary_large_image","twitter_misc":{"Dur\u00e9e de lecture estim\u00e9e":"4 minutes"},"schema":{"@context":"https:\/\/schema.org","@graph":[{"@type":"WebPage","@id":"https:\/\/belgianmidwivesassociation.be\/fr\/politique-de-confidentialite\/","url":"https:\/\/belgianmidwivesassociation.be\/fr\/politique-de-confidentialite\/","name":"Politique de confidentialit\u00e9 &#8211; Belgian Midwives Association","isPartOf":{"@id":"https:\/\/belgianmidwivesassociation.be\/fr\/#website"},"datePublished":"2023-08-13T17:06:15+00:00","dateModified":"2023-09-12T12:14:10+00:00","breadcrumb":{"@id":"https:\/\/belgianmidwivesassociation.be\/fr\/politique-de-confidentialite\/#breadcrumb"},"inLanguage":"fr-FR","potentialAction":[{"@type":"ReadAction","target":["https:\/\/belgianmidwivesassociation.be\/fr\/politique-de-confidentialite\/"]}]},{"@type":"BreadcrumbList","@id":"https:\/\/belgianmidwivesassociation.be\/fr\/politique-de-confidentialite\/#breadcrumb","itemListElement":[{"@type":"ListItem","position":1,"name":"Home","item":"https:\/\/belgianmidwivesassociation.be\/fr\/accueil-fr\/"},{"@type":"ListItem","position":2,"name":"Politique de confidentialit\u00e9"}]},{"@type":"WebSite","@id":"https:\/\/belgianmidwivesassociation.be\/fr\/#website","url":"https:\/\/belgianmidwivesassociation.be\/fr\/","name":"Belgian Midwives Association","description":"","publisher":{"@id":"https:\/\/belgianmidwivesassociation.be\/fr\/#organization"},"potentialAction":[{"@type":"SearchAction","target":{"@type":"EntryPoint","urlTemplate":"https:\/\/belgianmidwivesassociation.be\/fr\/?s={search_term_string}"},"query-input":{"@type":"PropertyValueSpecification","valueRequired":true,"valueName":"search_term_string"}}],"inLanguage":"fr-FR"},{"@type":"Organization","@id":"https:\/\/belgianmidwivesassociation.be\/fr\/#organization","name":"Belgian Midwives Association","url":"https:\/\/belgianmidwivesassociation.be\/fr\/","logo":{"@type":"ImageObject","inLanguage":"fr-FR","@id":"https:\/\/belgianmidwivesassociation.be\/fr\/#\/schema\/logo\/image\/","url":"https:\/\/belgianmidwivesassociation.be\/wp-content\/uploads\/2022\/12\/BMA_Logo_Color_0809_cropped.png","contentUrl":"https:\/\/belgianmidwivesassociation.be\/wp-content\/uploads\/2022\/12\/BMA_Logo_Color_0809_cropped.png","width":3598,"height":1439,"caption":"Belgian Midwives Association"},"image":{"@id":"https:\/\/belgianmidwivesassociation.be\/fr\/#\/schema\/logo\/image\/"}}]}},"_links":{"self":[{"href":"https:\/\/belgianmidwivesassociation.be\/fr\/wp-json\/wp\/v2\/pages\/1377","targetHints":{"allow":["GET"]}}],"collection":[{"href":"https:\/\/belgianmidwivesassociation.be\/fr\/wp-json\/wp\/v2\/pages"}],"about":[{"href":"https:\/\/belgianmidwivesassociation.be\/fr\/wp-json\/wp\/v2\/types\/page"}],"author":[{"embeddable":true,"href":"https:\/\/belgianmidwivesassociation.be\/fr\/wp-json\/wp\/v2\/users\/2"}],"replies":[{"embeddable":true,"href":"https:\/\/belgianmidwivesassociation.be\/fr\/wp-json\/wp\/v2\/comments?post=1377"}],"version-history":[{"count":3,"href":"https:\/\/belgianmidwivesassociation.be\/fr\/wp-json\/wp\/v2\/pages\/1377\/revisions"}],"predecessor-version":[{"id":1559,"href":"https:\/\/belgianmidwivesassociation.be\/fr\/wp-json\/wp\/v2\/pages\/1377\/revisions\/1559"}],"wp:attachment":[{"href":"https:\/\/belgianmidwivesassociation.be\/fr\/wp-json\/wp\/v2\/media?parent=1377"}],"curies":[{"name":"wp","href":"https:\/\/api.w.org\/{rel}","templated":true}]}}