{"id":1357,"date":"2022-10-14T13:08:44","date_gmt":"2022-10-14T13:08:44","guid":{"rendered":"https:\/\/belgianmidwivesassociation.be\/contact\/"},"modified":"2024-02-18T13:33:07","modified_gmt":"2024-02-18T13:33:07","slug":"contact","status":"publish","type":"page","link":"https:\/\/belgianmidwivesassociation.be\/fr\/contact\/","title":{"rendered":"Contact"},"content":{"rendered":"<p>[et_pb_section fb_built=\u00a0\u00bb1&Prime; disabled_on=\u00a0\u00bboff|off|on\u00a0\u00bb _builder_version=\u00a0\u00bb4.21.2&Prime; _module_preset=\u00a0\u00bbdefault\u00a0\u00bb custom_padding=\u00a0\u00bb||0px|||\u00a0\u00bb global_colors_info=\u00a0\u00bb{}\u00a0\u00bb][et_pb_row _builder_version=\u00a0\u00bb4.21.2&Prime; _module_preset=\u00a0\u00bbdefault\u00a0\u00bb custom_padding=\u00a0\u00bb||0px|||\u00a0\u00bb global_colors_info=\u00a0\u00bb{}\u00a0\u00bb][et_pb_column type=\u00a0\u00bb4_4&Prime; _builder_version=\u00a0\u00bb4.21.2&Prime; _module_preset=\u00a0\u00bbdefault\u00a0\u00bb global_colors_info=\u00a0\u00bb{}\u00a0\u00bb][et_pb_image src=\u00a0\u00bb@ET-DC@eyJkeW5hbWljIjp0cnVlLCJjb250ZW50Ijoic2l0ZV9sb2dvIiwic2V0dGluZ3MiOnsiZW5hYmxlX2h0bWwiOiJvZmYifX0=@\u00a0\u00bb align=\u00a0\u00bbcenter\u00a0\u00bb disabled_on=\u00a0\u00bboff|off|on\u00a0\u00bb _builder_version=\u00a0\u00bb4.21.2&Prime; _dynamic_attributes=\u00a0\u00bbsrc\u00a0\u00bb _module_preset=\u00a0\u00bbdefault\u00a0\u00bb max_width=\u00a0\u00bb300px\u00a0\u00bb global_colors_info=\u00a0\u00bb{}\u00a0\u00bb][\/et_pb_image][\/et_pb_column][\/et_pb_row][\/et_pb_section][et_pb_section fb_built=\u00a0\u00bb1&Prime; _builder_version=\u00a0\u00bb4.22.0&Prime; _module_preset=\u00a0\u00bbdefault\u00a0\u00bb background_image=\u00a0\u00bbhttps:\/\/belgianmidwivesassociation.be\/wp-content\/uploads\/2023\/08\/BMA_Illustrations_grand_rond_J-1.png\u00a0\u00bb background_size=\u00a0\u00bbcustom\u00a0\u00bb background_image_height=\u00a0\u00bb80%\u00a0\u00bb custom_padding=\u00a0\u00bb0px|||||\u00a0\u00bb global_colors_info=\u00a0\u00bb{}\u00a0\u00bb][et_pb_row column_structure=\u00a0\u00bb2_5,3_5&Prime; _builder_version=\u00a0\u00bb4.23&Prime; _module_preset=\u00a0\u00bbdefault\u00a0\u00bb max_width=\u00a0\u00bb800px\u00a0\u00bb custom_padding=\u00a0\u00bb35px||16px|||\u00a0\u00bb hover_enabled=\u00a0\u00bb0&Prime; custom_css_main_element=\u00a0\u00bbdisplay: flex;||align-items: center;\u00a0\u00bb global_colors_info=\u00a0\u00bb{}\u00a0\u00bb custom_css_main_element_last_edited=\u00a0\u00bbon|phone\u00a0\u00bb custom_css_main_element_tablet=\u00a0\u00bbdisplay: block;\u00a0\u00bb custom_css_main_element_phone=\u00a0\u00bbdisplay: block;\u00a0\u00bb sticky_enabled=\u00a0\u00bb0&Prime;][et_pb_column type=\u00a0\u00bb2_5&Prime; _builder_version=\u00a0\u00bb4.21.0&Prime; _module_preset=\u00a0\u00bbdefault\u00a0\u00bb global_colors_info=\u00a0\u00bb{}\u00a0\u00bb][et_pb_image src=\u00a0\u00bbhttps:\/\/belgianmidwivesassociation.be\/wp-content\/uploads\/2023\/07\/BMA_Illustrations_070323_Contact.png\u00a0\u00bb title_text=\u00a0\u00bbBMA_Illustrations_070323_Contact\u00a0\u00bb align=\u00a0\u00bbright\u00a0\u00bb align_tablet=\u00a0\u00bbright\u00a0\u00bb align_phone=\u00a0\u00bbright\u00a0\u00bb align_last_edited=\u00a0\u00bbon|desktop\u00a0\u00bb _builder_version=\u00a0\u00bb4.23&Prime; _module_preset=\u00a0\u00bbdefault\u00a0\u00bb max_width=\u00a0\u00bb250px\u00a0\u00bb module_alignment=\u00a0\u00bbright\u00a0\u00bb custom_padding=\u00a0\u00bb0px||0px|||\u00a0\u00bb hover_enabled=\u00a0\u00bb0&Prime; module_alignment_tablet=\u00a0\u00bbcenter\u00a0\u00bb module_alignment_phone=\u00a0\u00bbcenter\u00a0\u00bb module_alignment_last_edited=\u00a0\u00bbon|phone\u00a0\u00bb global_colors_info=\u00a0\u00bb{}\u00a0\u00bb sticky_enabled=\u00a0\u00bb0&Prime;][\/et_pb_image][\/et_pb_column][et_pb_column type=\u00a0\u00bb3_5&Prime; _builder_version=\u00a0\u00bb4.21.0&Prime; _module_preset=\u00a0\u00bbdefault\u00a0\u00bb global_colors_info=\u00a0\u00bb{}\u00a0\u00bb][et_pb_text _builder_version=\u00a0\u00bb4.21.2&Prime; _module_preset=\u00a0\u00bbdefault\u00a0\u00bb header_2_text_align=\u00a0\u00bbleft\u00a0\u00bb min_height=\u00a0\u00bb52px\u00a0\u00bb custom_padding=\u00a0\u00bb||12px|||\u00a0\u00bb global_colors_info=\u00a0\u00bb{}\u00a0\u00bb]<\/p>\n<h2>\u2022 Comment nous contacter ?<a href=\"mailto:belgianmidwivesassociation@gmail.com\"><\/a><\/h2>\n<p>[\/et_pb_text][et_pb_text _builder_version=\u00a0\u00bb4.23&Prime; _module_preset=\u00a0\u00bbdefault\u00a0\u00bb text_font=\u00a0\u00bb|300|||||||\u00a0\u00bb text_font_size=\u00a0\u00bb18px\u00a0\u00bb global_colors_info=\u00a0\u00bb{}\u00a0\u00bb]<\/p>\n<p>Belgian Midwives Association<br \/>Haantjeslei 185\/01<br \/>2018 Antwerpen<br \/><a href=\"mailto:belgianmidwivesassociation@gmail.com\">belgianmidwivesassociation@gmail.com<\/a><\/p>\n<p>[\/et_pb_text][\/et_pb_column][\/et_pb_row][et_pb_row _builder_version=\u00a0\u00bb4.21.0&Prime; _module_preset=\u00a0\u00bbdefault\u00a0\u00bb global_colors_info=\u00a0\u00bb{}\u00a0\u00bb custom_padding=\u00a0\u00bb34px|||||\u00a0\u00bb][et_pb_column type=\u00a0\u00bb4_4&Prime; _builder_version=\u00a0\u00bb4.21.0&Prime; _module_preset=\u00a0\u00bbdefault\u00a0\u00bb global_colors_info=\u00a0\u00bb{}\u00a0\u00bb][et_pb_contact_form use_spam_service=\u00a0\u00bbon\u00a0\u00bb recaptcha_list=\u00a0\u00bbDefault|Default-0&Prime; custom_message=\u00a0\u00bbName: %%Name%%||et_pb_line_break_holder||Email: %%Email%%||et_pb_line_break_holder||||et_pb_line_break_holder||Message: ||et_pb_line_break_holder||%%Message%%\u00a0\u00bb success_message=\u00a0\u00bbNous vous remercions pour votre message. Il a \u00e9t\u00e9 envoy\u00e9 avec succ\u00e8s.\u00a0\u00bb _builder_version=\u00a0\u00bb4.22.1&Prime; _module_preset=\u00a0\u00bb068e6655-6d3f-4a80-b831-53f93261059c\u00a0\u00bb global_colors_info=\u00a0\u00bb{}\u00a0\u00bb][et_pb_contact_field field_id=\u00a0\u00bbName\u00a0\u00bb field_title=\u00a0\u00bbNom\u00a0\u00bb _builder_version=\u00a0\u00bb4.22.1&Prime; global_colors_info=\u00a0\u00bb{}\u00a0\u00bb button_text_size__hover_enabled=\u00a0\u00bboff\u00a0\u00bb button_one_text_size__hover_enabled=\u00a0\u00bboff\u00a0\u00bb button_two_text_size__hover_enabled=\u00a0\u00bboff\u00a0\u00bb button_text_color__hover_enabled=\u00a0\u00bboff\u00a0\u00bb button_one_text_color__hover_enabled=\u00a0\u00bboff\u00a0\u00bb button_two_text_color__hover_enabled=\u00a0\u00bboff\u00a0\u00bb button_border_width__hover_enabled=\u00a0\u00bboff\u00a0\u00bb button_one_border_width__hover_enabled=\u00a0\u00bboff\u00a0\u00bb button_two_border_width__hover_enabled=\u00a0\u00bboff\u00a0\u00bb button_border_color__hover_enabled=\u00a0\u00bboff\u00a0\u00bb button_one_border_color__hover_enabled=\u00a0\u00bboff\u00a0\u00bb button_two_border_color__hover_enabled=\u00a0\u00bboff\u00a0\u00bb button_border_radius__hover_enabled=\u00a0\u00bboff\u00a0\u00bb button_one_border_radius__hover_enabled=\u00a0\u00bboff\u00a0\u00bb button_two_border_radius__hover_enabled=\u00a0\u00bboff\u00a0\u00bb button_letter_spacing__hover_enabled=\u00a0\u00bboff\u00a0\u00bb button_one_letter_spacing__hover_enabled=\u00a0\u00bboff\u00a0\u00bb button_two_letter_spacing__hover_enabled=\u00a0\u00bboff\u00a0\u00bb button_bg_color__hover_enabled=\u00a0\u00bboff\u00a0\u00bb button_one_bg_color__hover_enabled=\u00a0\u00bboff\u00a0\u00bb button_two_bg_color__hover_enabled=\u00a0\u00bboff\u00a0\u00bb][\/et_pb_contact_field][et_pb_contact_field field_id=\u00a0\u00bbEmail\u00a0\u00bb field_title=\u00a0\u00bbEmail\u00a0\u00bb field_type=\u00a0\u00bbemail\u00a0\u00bb _builder_version=\u00a0\u00bb4.21.0&Prime; global_colors_info=\u00a0\u00bb{}\u00a0\u00bb button_text_size__hover_enabled=\u00a0\u00bboff\u00a0\u00bb button_one_text_size__hover_enabled=\u00a0\u00bboff\u00a0\u00bb button_two_text_size__hover_enabled=\u00a0\u00bboff\u00a0\u00bb button_text_color__hover_enabled=\u00a0\u00bboff\u00a0\u00bb button_one_text_color__hover_enabled=\u00a0\u00bboff\u00a0\u00bb button_two_text_color__hover_enabled=\u00a0\u00bboff\u00a0\u00bb button_border_width__hover_enabled=\u00a0\u00bboff\u00a0\u00bb button_one_border_width__hover_enabled=\u00a0\u00bboff\u00a0\u00bb button_two_border_width__hover_enabled=\u00a0\u00bboff\u00a0\u00bb button_border_color__hover_enabled=\u00a0\u00bboff\u00a0\u00bb button_one_border_color__hover_enabled=\u00a0\u00bboff\u00a0\u00bb button_two_border_color__hover_enabled=\u00a0\u00bboff\u00a0\u00bb button_border_radius__hover_enabled=\u00a0\u00bboff\u00a0\u00bb button_one_border_radius__hover_enabled=\u00a0\u00bboff\u00a0\u00bb button_two_border_radius__hover_enabled=\u00a0\u00bboff\u00a0\u00bb button_letter_spacing__hover_enabled=\u00a0\u00bboff\u00a0\u00bb button_one_letter_spacing__hover_enabled=\u00a0\u00bboff\u00a0\u00bb button_two_letter_spacing__hover_enabled=\u00a0\u00bboff\u00a0\u00bb button_bg_color__hover_enabled=\u00a0\u00bboff\u00a0\u00bb button_one_bg_color__hover_enabled=\u00a0\u00bboff\u00a0\u00bb button_two_bg_color__hover_enabled=\u00a0\u00bboff\u00a0\u00bb][\/et_pb_contact_field][et_pb_contact_field field_id=\u00a0\u00bbMessage\u00a0\u00bb field_title=\u00a0\u00bbMessage\u00a0\u00bb field_type=\u00a0\u00bbtext\u00a0\u00bb _builder_version=\u00a0\u00bb4.16&Prime; global_colors_info=\u00a0\u00bb{}\u00a0\u00bb button_text_size__hover_enabled=\u00a0\u00bboff\u00a0\u00bb button_one_text_size__hover_enabled=\u00a0\u00bboff\u00a0\u00bb button_two_text_size__hover_enabled=\u00a0\u00bboff\u00a0\u00bb button_text_color__hover_enabled=\u00a0\u00bboff\u00a0\u00bb button_one_text_color__hover_enabled=\u00a0\u00bboff\u00a0\u00bb button_two_text_color__hover_enabled=\u00a0\u00bboff\u00a0\u00bb button_border_width__hover_enabled=\u00a0\u00bboff\u00a0\u00bb button_one_border_width__hover_enabled=\u00a0\u00bboff\u00a0\u00bb button_two_border_width__hover_enabled=\u00a0\u00bboff\u00a0\u00bb button_border_color__hover_enabled=\u00a0\u00bboff\u00a0\u00bb button_one_border_color__hover_enabled=\u00a0\u00bboff\u00a0\u00bb button_two_border_color__hover_enabled=\u00a0\u00bboff\u00a0\u00bb button_border_radius__hover_enabled=\u00a0\u00bboff\u00a0\u00bb button_one_border_radius__hover_enabled=\u00a0\u00bboff\u00a0\u00bb button_two_border_radius__hover_enabled=\u00a0\u00bboff\u00a0\u00bb button_letter_spacing__hover_enabled=\u00a0\u00bboff\u00a0\u00bb button_one_letter_spacing__hover_enabled=\u00a0\u00bboff\u00a0\u00bb button_two_letter_spacing__hover_enabled=\u00a0\u00bboff\u00a0\u00bb button_bg_color__hover_enabled=\u00a0\u00bboff\u00a0\u00bb button_one_bg_color__hover_enabled=\u00a0\u00bboff\u00a0\u00bb button_two_bg_color__hover_enabled=\u00a0\u00bboff\u00a0\u00bb][\/et_pb_contact_field][\/et_pb_contact_form][\/et_pb_column][\/et_pb_row][et_pb_row _builder_version=\u00a0\u00bb4.21.0&Prime; _module_preset=\u00a0\u00bbdefault\u00a0\u00bb global_colors_info=\u00a0\u00bb{}\u00a0\u00bb][et_pb_column type=\u00a0\u00bb4_4&Prime; _builder_version=\u00a0\u00bb4.21.0&Prime; _module_preset=\u00a0\u00bbdefault\u00a0\u00bb global_colors_info=\u00a0\u00bb{}\u00a0\u00bb][et_pb_image src=\u00a0\u00bbhttps:\/\/belgianmidwivesassociation.be\/wp-content\/uploads\/2023\/07\/BMA_Illustrations_070323_Midwives_small.png\u00a0\u00bb title_text=\u00a0\u00bbBMA_Illustrations_070323_Midwives_small\u00a0\u00bb align=\u00a0\u00bbcenter\u00a0\u00bb _builder_version=\u00a0\u00bb4.21.0&Prime; _module_preset=\u00a0\u00bbdefault\u00a0\u00bb max_width=\u00a0\u00bb500px\u00a0\u00bb module_alignment=\u00a0\u00bbcenter\u00a0\u00bb global_colors_info=\u00a0\u00bb{}\u00a0\u00bb][\/et_pb_image][\/et_pb_column][\/et_pb_row][\/et_pb_section]<\/p>\n","protected":false},"excerpt":{"rendered":"<p>\u2022 Comment nous contacter ?Belgian Midwives AssociationHaantjeslei 185\/012018 Antwerpenbelgianmidwivesassociation@gmail.com<\/p>\n","protected":false},"author":1,"featured_media":0,"parent":0,"menu_order":0,"comment_status":"closed","ping_status":"closed","template":"","meta":{"_et_pb_use_builder":"on","_et_pb_old_content":"","_et_gb_content_width":"","footnotes":""},"class_list":["post-1357","page","type-page","status-publish","hentry"],"yoast_head":"<!-- This site is optimized with the Yoast SEO plugin v25.7 - https:\/\/yoast.com\/wordpress\/plugins\/seo\/ -->\n<title>Contact &#8211; Belgian Midwives Association<\/title>\n<meta name=\"robots\" content=\"index, follow, max-snippet:-1, max-image-preview:large, max-video-preview:-1\" \/>\n<link rel=\"canonical\" href=\"https:\/\/belgianmidwivesassociation.be\/fr\/contact\/\" \/>\n<meta property=\"og:locale\" content=\"fr_FR\" \/>\n<meta property=\"og:type\" content=\"article\" \/>\n<meta property=\"og:title\" content=\"Contact &#8211; Belgian Midwives Association\" \/>\n<meta property=\"og:description\" content=\"\u2022 Comment nous contacter ?Belgian Midwives AssociationHaantjeslei 185\/012018 Antwerpenbelgianmidwivesassociation@gmail.com\" \/>\n<meta property=\"og:url\" content=\"https:\/\/belgianmidwivesassociation.be\/fr\/contact\/\" \/>\n<meta property=\"og:site_name\" content=\"Belgian Midwives Association\" \/>\n<meta property=\"article:modified_time\" content=\"2024-02-18T13:33:07+00:00\" \/>\n<meta name=\"twitter:card\" content=\"summary_large_image\" \/>\n<meta name=\"twitter:label1\" content=\"Dur\u00e9e de lecture estim\u00e9e\" \/>\n\t<meta name=\"twitter:data1\" content=\"5 minutes\" \/>\n<script type=\"application\/ld+json\" class=\"yoast-schema-graph\">{\"@context\":\"https:\/\/schema.org\",\"@graph\":[{\"@type\":\"WebPage\",\"@id\":\"https:\/\/belgianmidwivesassociation.be\/fr\/contact\/\",\"url\":\"https:\/\/belgianmidwivesassociation.be\/fr\/contact\/\",\"name\":\"Contact &#8211; Belgian Midwives Association\",\"isPartOf\":{\"@id\":\"https:\/\/belgianmidwivesassociation.be\/fr\/#website\"},\"datePublished\":\"2022-10-14T13:08:44+00:00\",\"dateModified\":\"2024-02-18T13:33:07+00:00\",\"breadcrumb\":{\"@id\":\"https:\/\/belgianmidwivesassociation.be\/fr\/contact\/#breadcrumb\"},\"inLanguage\":\"fr-FR\",\"potentialAction\":[{\"@type\":\"ReadAction\",\"target\":[\"https:\/\/belgianmidwivesassociation.be\/fr\/contact\/\"]}]},{\"@type\":\"BreadcrumbList\",\"@id\":\"https:\/\/belgianmidwivesassociation.be\/fr\/contact\/#breadcrumb\",\"itemListElement\":[{\"@type\":\"ListItem\",\"position\":1,\"name\":\"Home\",\"item\":\"https:\/\/belgianmidwivesassociation.be\/fr\/accueil-fr\/\"},{\"@type\":\"ListItem\",\"position\":2,\"name\":\"Contact\"}]},{\"@type\":\"WebSite\",\"@id\":\"https:\/\/belgianmidwivesassociation.be\/fr\/#website\",\"url\":\"https:\/\/belgianmidwivesassociation.be\/fr\/\",\"name\":\"Belgian Midwives Association\",\"description\":\"\",\"publisher\":{\"@id\":\"https:\/\/belgianmidwivesassociation.be\/fr\/#organization\"},\"potentialAction\":[{\"@type\":\"SearchAction\",\"target\":{\"@type\":\"EntryPoint\",\"urlTemplate\":\"https:\/\/belgianmidwivesassociation.be\/fr\/?s={search_term_string}\"},\"query-input\":{\"@type\":\"PropertyValueSpecification\",\"valueRequired\":true,\"valueName\":\"search_term_string\"}}],\"inLanguage\":\"fr-FR\"},{\"@type\":\"Organization\",\"@id\":\"https:\/\/belgianmidwivesassociation.be\/fr\/#organization\",\"name\":\"Belgian Midwives Association\",\"url\":\"https:\/\/belgianmidwivesassociation.be\/fr\/\",\"logo\":{\"@type\":\"ImageObject\",\"inLanguage\":\"fr-FR\",\"@id\":\"https:\/\/belgianmidwivesassociation.be\/fr\/#\/schema\/logo\/image\/\",\"url\":\"https:\/\/belgianmidwivesassociation.be\/wp-content\/uploads\/2022\/12\/BMA_Logo_Color_0809_cropped.png\",\"contentUrl\":\"https:\/\/belgianmidwivesassociation.be\/wp-content\/uploads\/2022\/12\/BMA_Logo_Color_0809_cropped.png\",\"width\":3598,\"height\":1439,\"caption\":\"Belgian Midwives Association\"},\"image\":{\"@id\":\"https:\/\/belgianmidwivesassociation.be\/fr\/#\/schema\/logo\/image\/\"}}]}<\/script>\n<!-- \/ Yoast SEO plugin. -->","yoast_head_json":{"title":"Contact &#8211; Belgian Midwives Association","robots":{"index":"index","follow":"follow","max-snippet":"max-snippet:-1","max-image-preview":"max-image-preview:large","max-video-preview":"max-video-preview:-1"},"canonical":"https:\/\/belgianmidwivesassociation.be\/fr\/contact\/","og_locale":"fr_FR","og_type":"article","og_title":"Contact &#8211; Belgian Midwives Association","og_description":"\u2022 Comment nous contacter ?Belgian Midwives AssociationHaantjeslei 185\/012018 Antwerpenbelgianmidwivesassociation@gmail.com","og_url":"https:\/\/belgianmidwivesassociation.be\/fr\/contact\/","og_site_name":"Belgian Midwives Association","article_modified_time":"2024-02-18T13:33:07+00:00","twitter_card":"summary_large_image","twitter_misc":{"Dur\u00e9e de lecture estim\u00e9e":"5 minutes"},"schema":{"@context":"https:\/\/schema.org","@graph":[{"@type":"WebPage","@id":"https:\/\/belgianmidwivesassociation.be\/fr\/contact\/","url":"https:\/\/belgianmidwivesassociation.be\/fr\/contact\/","name":"Contact &#8211; Belgian Midwives Association","isPartOf":{"@id":"https:\/\/belgianmidwivesassociation.be\/fr\/#website"},"datePublished":"2022-10-14T13:08:44+00:00","dateModified":"2024-02-18T13:33:07+00:00","breadcrumb":{"@id":"https:\/\/belgianmidwivesassociation.be\/fr\/contact\/#breadcrumb"},"inLanguage":"fr-FR","potentialAction":[{"@type":"ReadAction","target":["https:\/\/belgianmidwivesassociation.be\/fr\/contact\/"]}]},{"@type":"BreadcrumbList","@id":"https:\/\/belgianmidwivesassociation.be\/fr\/contact\/#breadcrumb","itemListElement":[{"@type":"ListItem","position":1,"name":"Home","item":"https:\/\/belgianmidwivesassociation.be\/fr\/accueil-fr\/"},{"@type":"ListItem","position":2,"name":"Contact"}]},{"@type":"WebSite","@id":"https:\/\/belgianmidwivesassociation.be\/fr\/#website","url":"https:\/\/belgianmidwivesassociation.be\/fr\/","name":"Belgian Midwives Association","description":"","publisher":{"@id":"https:\/\/belgianmidwivesassociation.be\/fr\/#organization"},"potentialAction":[{"@type":"SearchAction","target":{"@type":"EntryPoint","urlTemplate":"https:\/\/belgianmidwivesassociation.be\/fr\/?s={search_term_string}"},"query-input":{"@type":"PropertyValueSpecification","valueRequired":true,"valueName":"search_term_string"}}],"inLanguage":"fr-FR"},{"@type":"Organization","@id":"https:\/\/belgianmidwivesassociation.be\/fr\/#organization","name":"Belgian Midwives Association","url":"https:\/\/belgianmidwivesassociation.be\/fr\/","logo":{"@type":"ImageObject","inLanguage":"fr-FR","@id":"https:\/\/belgianmidwivesassociation.be\/fr\/#\/schema\/logo\/image\/","url":"https:\/\/belgianmidwivesassociation.be\/wp-content\/uploads\/2022\/12\/BMA_Logo_Color_0809_cropped.png","contentUrl":"https:\/\/belgianmidwivesassociation.be\/wp-content\/uploads\/2022\/12\/BMA_Logo_Color_0809_cropped.png","width":3598,"height":1439,"caption":"Belgian Midwives Association"},"image":{"@id":"https:\/\/belgianmidwivesassociation.be\/fr\/#\/schema\/logo\/image\/"}}]}},"_links":{"self":[{"href":"https:\/\/belgianmidwivesassociation.be\/fr\/wp-json\/wp\/v2\/pages\/1357","targetHints":{"allow":["GET"]}}],"collection":[{"href":"https:\/\/belgianmidwivesassociation.be\/fr\/wp-json\/wp\/v2\/pages"}],"about":[{"href":"https:\/\/belgianmidwivesassociation.be\/fr\/wp-json\/wp\/v2\/types\/page"}],"author":[{"embeddable":true,"href":"https:\/\/belgianmidwivesassociation.be\/fr\/wp-json\/wp\/v2\/users\/1"}],"replies":[{"embeddable":true,"href":"https:\/\/belgianmidwivesassociation.be\/fr\/wp-json\/wp\/v2\/comments?post=1357"}],"version-history":[{"count":19,"href":"https:\/\/belgianmidwivesassociation.be\/fr\/wp-json\/wp\/v2\/pages\/1357\/revisions"}],"predecessor-version":[{"id":1643,"href":"https:\/\/belgianmidwivesassociation.be\/fr\/wp-json\/wp\/v2\/pages\/1357\/revisions\/1643"}],"wp:attachment":[{"href":"https:\/\/belgianmidwivesassociation.be\/fr\/wp-json\/wp\/v2\/media?parent=1357"}],"curies":[{"name":"wp","href":"https:\/\/api.w.org\/{rel}","templated":true}]}}