{"id":1351,"date":"2022-10-14T13:06:54","date_gmt":"2022-10-14T13:06:54","guid":{"rendered":"https:\/\/belgianmidwivesassociation.be\/plan-strategique\/"},"modified":"2024-02-18T14:21:44","modified_gmt":"2024-02-18T14:21:44","slug":"plan-strategique","status":"publish","type":"page","link":"https:\/\/belgianmidwivesassociation.be\/fr\/plan-strategique\/","title":{"rendered":"Plan strat\u00e9gique"},"content":{"rendered":"<p>[et_pb_section fb_built=\u00a0\u00bb1&Prime; _builder_version=\u00a0\u00bb4.21.0&Prime; _module_preset=\u00a0\u00bbdefault\u00a0\u00bb custom_padding=\u00a0\u00bb||0px|||\u00a0\u00bb global_colors_info=\u00a0\u00bb{}\u00a0\u00bb][et_pb_row _builder_version=\u00a0\u00bb4.21.0&Prime; _module_preset=\u00a0\u00bbdefault\u00a0\u00bb custom_padding=\u00a0\u00bb17px||0px|||\u00a0\u00bb global_colors_info=\u00a0\u00bb{}\u00a0\u00bb][et_pb_column type=\u00a0\u00bb4_4&Prime; _builder_version=\u00a0\u00bb4.21.0&Prime; _module_preset=\u00a0\u00bbdefault\u00a0\u00bb global_colors_info=\u00a0\u00bb{}\u00a0\u00bb][et_pb_image src=\u00a0\u00bbhttps:\/\/belgianmidwivesassociation.be\/wp-content\/uploads\/2023\/07\/BMA_Illustrations_070323_Mainsserrees-e1689952608652.png\u00a0\u00bb title_text=\u00a0\u00bbBMA_Illustrations_070323_Mainsserrees\u00a0\u00bb align=\u00a0\u00bbcenter\u00a0\u00bb _builder_version=\u00a0\u00bb4.21.2&Prime; _module_preset=\u00a0\u00bbdefault\u00a0\u00bb max_width=\u00a0\u00bb500px\u00a0\u00bb module_alignment=\u00a0\u00bbcenter\u00a0\u00bb custom_padding=\u00a0\u00bb||15px|||\u00a0\u00bb global_colors_info=\u00a0\u00bb{}\u00a0\u00bb][\/et_pb_image][\/et_pb_column][\/et_pb_row][\/et_pb_section][et_pb_section fb_built=\u00a0\u00bb1&Prime; _builder_version=\u00a0\u00bb4.22.0&Prime; _module_preset=\u00a0\u00bbdefault\u00a0\u00bb background_image=\u00a0\u00bbhttps:\/\/belgianmidwivesassociation.be\/wp-content\/uploads\/2023\/08\/BMA_Illustrations_grand_rond_R.png\u00a0\u00bb background_size=\u00a0\u00bbcustom\u00a0\u00bb background_image_height=\u00a0\u00bb100%\u00a0\u00bb module_alignment=\u00a0\u00bbcenter\u00a0\u00bb custom_padding=\u00a0\u00bb3px|||||\u00a0\u00bb global_colors_info=\u00a0\u00bb{}\u00a0\u00bb][et_pb_row _builder_version=\u00a0\u00bb4.21.0&Prime; _module_preset=\u00a0\u00bbdefault\u00a0\u00bb global_colors_info=\u00a0\u00bb{}\u00a0\u00bb][et_pb_column type=\u00a0\u00bb4_4&Prime; _builder_version=\u00a0\u00bb4.21.0&Prime; _module_preset=\u00a0\u00bbdefault\u00a0\u00bb global_colors_info=\u00a0\u00bb{}\u00a0\u00bb][et_pb_text _builder_version=\u00a0\u00bb4.21.2&Prime; _module_preset=\u00a0\u00bbdefault\u00a0\u00bb global_colors_info=\u00a0\u00bb{}\u00a0\u00bb]<\/p>\n<h2>\u2022 Strategic plan 2021-2024<\/h2>\n<p>[\/et_pb_text][\/et_pb_column][\/et_pb_row][et_pb_row _builder_version=\u00a0\u00bb4.21.2&Prime; _module_preset=\u00a0\u00bbdefault\u00a0\u00bb max_width=\u00a0\u00bb700px\u00a0\u00bb module_alignment=\u00a0\u00bbcenter\u00a0\u00bb custom_margin=\u00a0\u00bb||10px||false|false\u00a0\u00bb custom_padding=\u00a0\u00bb1px|||||\u00a0\u00bb global_colors_info=\u00a0\u00bb{}\u00a0\u00bb][et_pb_column type=\u00a0\u00bb4_4&Prime; _builder_version=\u00a0\u00bb4.21.0&Prime; _module_preset=\u00a0\u00bbdefault\u00a0\u00bb global_colors_info=\u00a0\u00bb{}\u00a0\u00bb][et_pb_text _builder_version=\u00a0\u00bb4.21.2&Prime; _module_preset=\u00a0\u00bbdefault\u00a0\u00bb custom_margin=\u00a0\u00bb||10px||false|false\u00a0\u00bb global_colors_info=\u00a0\u00bb{}\u00a0\u00bb]<\/p>\n<h3><span style=\"text-decoration: underline;\">Mission<\/span><\/h3>\n<p>[\/et_pb_text][et_pb_text _builder_version=\u00a0\u00bb4.21.2&Prime; _module_preset=\u00a0\u00bbdefault\u00a0\u00bb text_font=\u00a0\u00bb|300|||||||\u00a0\u00bb text_font_size=\u00a0\u00bb18px\u00a0\u00bb global_colors_info=\u00a0\u00bb{}\u00a0\u00bb]<\/p>\n<p>La mission de l\u2019Association des Sages-femmes Belges (BMA) est de cr\u00e9er du lien, soutenir et promouvoir les sages-femmes belges au niveau national. Nous d\u00e9fendons une pratique sage-femme bas\u00e9e sur les preuves<span style=\"color: #ff9900;\">*<\/span>, ax\u00e9e sur les questions europ\u00e9ennes et internationales, ind\u00e9pendamment des int\u00e9r\u00eats politiques et commerciaux. Nous d\u00e9fendons l&rsquo;id\u00e9e que nous sommes plus fort.e.s ensemble, dans le respect de notre diversit\u00e9 et de fa\u00e7on inclusive pour nos id\u00e9es politiques, religieuses et philosophiques.<\/p>\n<p>[\/et_pb_text][\/et_pb_column][\/et_pb_row][et_pb_row _builder_version=\u00a0\u00bb4.21.0&Prime; _module_preset=\u00a0\u00bbdefault\u00a0\u00bb max_width=\u00a0\u00bb700px\u00a0\u00bb module_alignment=\u00a0\u00bbcenter\u00a0\u00bb custom_margin=\u00a0\u00bb||10px||false|false\u00a0\u00bb custom_padding=\u00a0\u00bb1px|||||\u00a0\u00bb global_colors_info=\u00a0\u00bb{}\u00a0\u00bb][et_pb_column type=\u00a0\u00bb4_4&Prime; _builder_version=\u00a0\u00bb4.21.0&Prime; _module_preset=\u00a0\u00bbdefault\u00a0\u00bb global_colors_info=\u00a0\u00bb{}\u00a0\u00bb][et_pb_text _builder_version=\u00a0\u00bb4.21.2&Prime; _module_preset=\u00a0\u00bbdefault\u00a0\u00bb custom_margin=\u00a0\u00bb||10px||false|false\u00a0\u00bb global_colors_info=\u00a0\u00bb{}\u00a0\u00bb]<\/p>\n<h3><span style=\"text-decoration: underline;\">Vision<\/span><\/h3>\n<p>[\/et_pb_text][et_pb_text _builder_version=\u00a0\u00bb4.21.2&Prime; _module_preset=\u00a0\u00bbdefault\u00a0\u00bb text_font=\u00a0\u00bb|300|||||||\u00a0\u00bb text_font_size=\u00a0\u00bb18px\u00a0\u00bb global_colors_info=\u00a0\u00bb{}\u00a0\u00bb]<\/p>\n<p>Le BMA a pour vocation d\u2019inspirer, d\u2019am\u00e9liorer et de guider la profession en fournissant un soutien collaboratif, inclusif, ambitieux et fiable \u00e0 la profession sage-femme, consid\u00e9r\u00e9e comme les praticien.ne.s de choix en premi\u00e8re ligne de soins p\u00e9rinatals. Nous d\u00e9fendons explicitement la profession de sage-femme en Belgique, telle qu&rsquo;elle est d\u00e9finie au niveau europ\u00e9en et mondial : autonome, m\u00e9dicale, englobant chaque segment de la profession et soutenant les formations initialles et continues des sages-femmes.<\/p>\n<p>[\/et_pb_text][\/et_pb_column][\/et_pb_row][et_pb_row _builder_version=\u00a0\u00bb4.21.0&Prime; _module_preset=\u00a0\u00bbdefault\u00a0\u00bb max_width=\u00a0\u00bb700px\u00a0\u00bb module_alignment=\u00a0\u00bbcenter\u00a0\u00bb custom_padding=\u00a0\u00bb1px|||||\u00a0\u00bb global_colors_info=\u00a0\u00bb{}\u00a0\u00bb][et_pb_column type=\u00a0\u00bb4_4&Prime; _builder_version=\u00a0\u00bb4.21.0&Prime; _module_preset=\u00a0\u00bbdefault\u00a0\u00bb global_colors_info=\u00a0\u00bb{}\u00a0\u00bb][et_pb_text _builder_version=\u00a0\u00bb4.21.2&Prime; _module_preset=\u00a0\u00bbdefault\u00a0\u00bb custom_margin=\u00a0\u00bb||10px||false|false\u00a0\u00bb global_colors_info=\u00a0\u00bb{}\u00a0\u00bb]<\/p>\n<h3><span style=\"text-decoration: underline;\">Valeurs<\/span><\/h3>\n<p>[\/et_pb_text][et_pb_text _builder_version=\u00a0\u00bb4.21.2&Prime; _module_preset=\u00a0\u00bbdefault\u00a0\u00bb text_font=\u00a0\u00bb|300|||||||\u00a0\u00bb text_font_size=\u00a0\u00bb18px\u00a0\u00bb global_colors_info=\u00a0\u00bb{}\u00a0\u00bb]<\/p>\n<p>\u2022 Nous <span style=\"color: #fca205;\">rassemblons<\/span> les sages-femmes belges au niveau national sur les questions europ\u00e9ennes et internationales<\/p>\n<p>\u2022 Nous sommes d\u00e9termin\u00e9es \u00e0 <span style=\"color: #fca205;\">innover<\/span> dans de nouvelles formes de collaboration au sein des associations de sages-femmes<\/p>\n<p>\u2022 Nous nous engageons \u00e0 \u00eatre <span style=\"color: #fca205;\">authentiques<\/span> et \u00e0 travailler dans la transparence dans le meilleur int\u00e9r\u00eat des sages-femmes belges.<\/p>\n<p>\u2022 De par sa nature repr\u00e9sentative, la BMA <span style=\"color: #fca205;\">plaide<\/span> en faveur d&rsquo;une d\u00e9finition int\u00e9grative de la profession de sage-femme<\/p>\n<p>\u2022 La BMA promeut une pratique de la profession de sage-femme bas\u00e9e sur les meilleurs standards de <span style=\"color: #fca205;\">qualit\u00e9<\/span> des soins<\/p>\n<p>[\/et_pb_text][et_pb_text _builder_version=\u00a0\u00bb4.21.2&Prime; _module_preset=\u00a0\u00bbdefault\u00a0\u00bb text_text_color=\u00a0\u00bbrgba(33,33,33,0.79)\u00a0\u00bb text_font_size=\u00a0\u00bb16px\u00a0\u00bb custom_padding=\u00a0\u00bb50px||0px|||\u00a0\u00bb global_colors_info=\u00a0\u00bb{}\u00a0\u00bb]<\/p>\n<p><em><span style=\"color: #ff9900;\">*<\/span>La pratique sage-femme bas\u00e9e sur les preuves: Expression adapt\u00e9e de Sackett et al. &#8211; m\u00e9decine bas\u00e9e sur les preuves &#8211; qui englobe trois dimensions: donn\u00e9es scientifiques r\u00e9centes, l&rsquo;expertise clinique des professionnels et les pr\u00e9f\u00e9rences des usag\u00e8res.<\/em><\/p>\n<p>[\/et_pb_text][\/et_pb_column][\/et_pb_row][et_pb_row column_structure=\u00a0\u00bb1_2,1_2&Prime; _builder_version=\u00a0\u00bb4.21.0&Prime; _module_preset=\u00a0\u00bbdefault\u00a0\u00bb max_width=\u00a0\u00bb1100px\u00a0\u00bb module_alignment=\u00a0\u00bbcenter\u00a0\u00bb custom_css_main_element=\u00a0\u00bbdisplay: flex;||align-items: center;\u00a0\u00bb global_colors_info=\u00a0\u00bb{}\u00a0\u00bb custom_css_main_element_last_edited=\u00a0\u00bbon|phone\u00a0\u00bb custom_css_main_element_tablet=\u00a0\u00bbdisplay: block;\u00a0\u00bb custom_css_main_element_phone=\u00a0\u00bbdisplay: block;\u00a0\u00bb][et_pb_column type=\u00a0\u00bb1_2&Prime; _builder_version=\u00a0\u00bb4.21.0&Prime; _module_preset=\u00a0\u00bbdefault\u00a0\u00bb global_colors_info=\u00a0\u00bb{}\u00a0\u00bb][et_pb_image src=\u00a0\u00bbhttps:\/\/belgianmidwivesassociation.be\/wp-content\/uploads\/2023\/07\/BMA_Illustrations_070323_MidwifeBoard_small.png\u00a0\u00bb title_text=\u00a0\u00bbBMA_Illustrations_070323_MidwifeBoard_small\u00a0\u00bb _builder_version=\u00a0\u00bb4.21.0&Prime; _module_preset=\u00a0\u00bbdefault\u00a0\u00bb custom_padding=\u00a0\u00bb0px||0px|||\u00a0\u00bb global_colors_info=\u00a0\u00bb{}\u00a0\u00bb][\/et_pb_image][\/et_pb_column][et_pb_column type=\u00a0\u00bb1_2&Prime; _builder_version=\u00a0\u00bb4.21.0&Prime; _module_preset=\u00a0\u00bbdefault\u00a0\u00bb global_colors_info=\u00a0\u00bb{}\u00a0\u00bb][et_pb_button button_url=\u00a0\u00bb@ET-DC@eyJkeW5hbWljIjp0cnVlLCJjb250ZW50IjoicG9zdF9saW5rX3VybF9hdHRhY2htZW50Iiwic2V0dGluZ3MiOnsicG9zdF9pZCI6IjE2MDUiLCJlbmFibGVfaHRtbCI6Im9mZiJ9fQ==@\u00a0\u00bb url_new_window=\u00a0\u00bbon\u00a0\u00bb button_text=\u00a0\u00bbT\u00c9L\u00c9CHARGER LE RAPPORT D&apos;ACTIVIT\u00c9 (2022)\u00a0\u00bb button_alignment=\u00a0\u00bbleft\u00a0\u00bb button_alignment_tablet=\u00a0\u00bbcenter\u00a0\u00bb button_alignment_phone=\u00a0\u00bbcenter\u00a0\u00bb button_alignment_last_edited=\u00a0\u00bbon|desktop\u00a0\u00bb _builder_version=\u00a0\u00bb4.23&Prime; _dynamic_attributes=\u00a0\u00bbbutton_url\u00a0\u00bb _module_preset=\u00a0\u00bb7e2ebacc-8c0c-4ee0-9034-b7bae64c9f3a\u00a0\u00bb global_colors_info=\u00a0\u00bb{}\u00a0\u00bb][\/et_pb_button][et_pb_button button_url=\u00a0\u00bb@ET-DC@eyJkeW5hbWljIjp0cnVlLCJjb250ZW50IjoicG9zdF9saW5rX3VybF9hdHRhY2htZW50Iiwic2V0dGluZ3MiOnsicG9zdF9pZCI6IjE2MTMiLCJlbmFibGVfaHRtbCI6Im9mZiJ9fQ==@\u00a0\u00bb url_new_window=\u00a0\u00bbon\u00a0\u00bb button_text=\u00a0\u00bbT\u00c9L\u00c9CHARGER LES D\u00c9CLARATIONS COMMUNES\u00a0\u00bb button_alignment=\u00a0\u00bbleft\u00a0\u00bb button_alignment_tablet=\u00a0\u00bbcenter\u00a0\u00bb button_alignment_phone=\u00a0\u00bbcenter\u00a0\u00bb button_alignment_last_edited=\u00a0\u00bbon|desktop\u00a0\u00bb _builder_version=\u00a0\u00bb4.23&Prime; _dynamic_attributes=\u00a0\u00bbbutton_url\u00a0\u00bb _module_preset=\u00a0\u00bb7e2ebacc-8c0c-4ee0-9034-b7bae64c9f3a\u00a0\u00bb global_colors_info=\u00a0\u00bb{}\u00a0\u00bb][\/et_pb_button][\/et_pb_column][\/et_pb_row][\/et_pb_section][et_pb_section fb_built=\u00a0\u00bb1&Prime; _builder_version=\u00a0\u00bb4.21.0&Prime; _module_preset=\u00a0\u00bbdefault\u00a0\u00bb custom_padding=\u00a0\u00bb3px|||||\u00a0\u00bb global_colors_info=\u00a0\u00bb{}\u00a0\u00bb][et_pb_row _builder_version=\u00a0\u00bb4.21.0&Prime; _module_preset=\u00a0\u00bbdefault\u00a0\u00bb custom_padding=\u00a0\u00bb0px||9px|||\u00a0\u00bb global_colors_info=\u00a0\u00bb{}\u00a0\u00bb][et_pb_column type=\u00a0\u00bb4_4&Prime; _builder_version=\u00a0\u00bb4.21.0&Prime; _module_preset=\u00a0\u00bbdefault\u00a0\u00bb global_colors_info=\u00a0\u00bb{}\u00a0\u00bb][et_pb_image src=\u00a0\u00bbhttps:\/\/belgianmidwivesassociation.be\/wp-content\/uploads\/2023\/07\/BMA_Illustrations_070323_World_small.png\u00a0\u00bb title_text=\u00a0\u00bbBMA_Illustrations_070323_World_small\u00a0\u00bb align=\u00a0\u00bbcenter\u00a0\u00bb _builder_version=\u00a0\u00bb4.21.0&Prime; _module_preset=\u00a0\u00bbdefault\u00a0\u00bb max_width=\u00a0\u00bb400px\u00a0\u00bb module_alignment=\u00a0\u00bbcenter\u00a0\u00bb global_colors_info=\u00a0\u00bb{}\u00a0\u00bb][\/et_pb_image][\/et_pb_column][\/et_pb_row][et_pb_row _builder_version=\u00a0\u00bb4.21.0&Prime; _module_preset=\u00a0\u00bbdefault\u00a0\u00bb max_width=\u00a0\u00bb700px\u00a0\u00bb module_alignment=\u00a0\u00bbcenter\u00a0\u00bb custom_padding=\u00a0\u00bb1px|||||\u00a0\u00bb global_colors_info=\u00a0\u00bb{}\u00a0\u00bb][et_pb_column type=\u00a0\u00bb4_4&Prime; _builder_version=\u00a0\u00bb4.21.0&Prime; _module_preset=\u00a0\u00bbdefault\u00a0\u00bb global_colors_info=\u00a0\u00bb{}\u00a0\u00bb][et_pb_text _builder_version=\u00a0\u00bb4.21.2&Prime; _module_preset=\u00a0\u00bbdefault\u00a0\u00bb custom_margin=\u00a0\u00bb||10px||false|false\u00a0\u00bb global_colors_info=\u00a0\u00bb{}\u00a0\u00bb]<\/p>\n<h3><span style=\"text-decoration: underline;\">Ressources<\/span><\/h3>\n<p>[\/et_pb_text][et_pb_text _builder_version=\u00a0\u00bb4.24.1&Prime; _module_preset=\u00a0\u00bbdefault\u00a0\u00bb text_font=\u00a0\u00bb|300|||||||\u00a0\u00bb text_font_size=\u00a0\u00bb18px\u00a0\u00bb hover_enabled=\u00a0\u00bb0&Prime; global_colors_info=\u00a0\u00bb{}\u00a0\u00bb link_text_color__hover_enabled=\u00a0\u00bbon|desktop\u00a0\u00bb sticky_enabled=\u00a0\u00bb0&Prime;]<\/p>\n<p><a href=\"https:\/\/organesdeconcertation.sante.belgique.be\/fr\/organe-d%27avis-et-de-concertation\/conseil-federal-des-sages-femmes\" target=\"_blank\" rel=\"noopener\">\u2022 Conseil F\u00e9d\u00e9ral Sage-femme<\/a><\/p>\n<p><a href=\"https:\/\/www.inami.fgov.be\/fr\" target=\"_blank\" rel=\"noopener\">\u2022Institut National d&rsquo;Assurance Invalidit\u00e9<\/a><\/p>\n<p><a href=\"https:\/\/organesdeconcertation.sante.belgique.be\/fr\/documents\/avis-cfsf-201601-annexe-profil-professionnel-et-de-competences-de-la-sage-femme-belge\" target=\"_blank\" rel=\"noopener\">\u2022 Profil professionnel<\/a><\/p>\n<p><a href=\"https:\/\/kce.fgov.be\/\" target=\"_blank\" rel=\"noopener\">\u2022 Centre F\u00e9d\u00e9ral d&rsquo;Expertise et de Soins de Sant\u00e9<\/a><\/p>\n<p><a href=\"https:\/\/ebpnet.be\/fr\" target=\"_blank\" rel=\"noopener\">\u2022 Ebpracticenet<\/a><\/p>\n<p><a href=\"https:\/\/www.birthmatters.be\/?lang=en\" target=\"_blank\" rel=\"noopener\">\u2022 Choix \u00e9clair\u00e9es pendant la grossesse et la naissance<\/a><\/p>\n<p><a href=\"https:\/\/www.naissancerespectee.be\/\" target=\"_blank\" rel=\"noopener\">\u2022 Plateforme citoyenne pour une naissance respect\u00e9e<\/a><\/p>\n<p><a href=\"https:\/\/www.respectvollegeboorte.be\/\" target=\"_blank\" rel=\"noopener\">\u2022 Samen voor respectvolle geboorte<\/a><\/p>\n<p><a href=\"https:\/\/www.crgolfb.be\/fr\/organisation\/college-royal-des-gynecologues-obstetriciens-de-langue-francaise-de-belgique\" target=\"_blank\" rel=\"noopener\">\u2022 Coll\u00e8ge Royal des Gyn\u00e9cologues et Obst\u00e9tricien.ne.s de langue Fran\u00e7aise de Belgique<\/a><\/p>\n<p class=\"LC20lb MBeuO DKV0Md\" style=\"text-align: left;\">\u2022<a href=\"https:\/\/belgianmidwivesassociation.be\/fr\/plan-strategique\/\" target=\"_blank\" rel=\"noopener\"><\/a><a href=\"https:\/\/www.vvog.be\/\" target=\"_blank\" rel=\"noopener\">Vlaamse Vereniging voor Obstetrie en Gynaecologie<\/a><\/p>\n<p><a href=\"https:\/\/www.bornin.brussels\/\" target=\"_blank\" rel=\"noopener\">\u2022 Born in Brussels<\/a><\/p>\n<p><a href=\"https:\/\/www.brusselstakescare.be\/\" target=\"_blank\" rel=\"noopener\">\u2022 Plan social sant\u00e9 int\u00e9gr\u00e9<\/a><\/p>\n<p>&nbsp;<\/p>\n<p>&nbsp;<\/p>\n<p>[\/et_pb_text][\/et_pb_column][\/et_pb_row][\/et_pb_section][et_pb_section fb_built=\u00a0\u00bb1&Prime; fullwidth=\u00a0\u00bbon\u00a0\u00bb _builder_version=\u00a0\u00bb4.21.0&Prime; _module_preset=\u00a0\u00bbdefault\u00a0\u00bb global_colors_info=\u00a0\u00bb{}\u00a0\u00bb][et_pb_fullwidth_image src=\u00a0\u00bbhttps:\/\/belgianmidwivesassociation.be\/wp-content\/uploads\/2023\/07\/DSC00058-BMA-PC.jpg\u00a0\u00bb title_text=\u00a0\u00bbDSC00058-BMA-PC\u00a0\u00bb _builder_version=\u00a0\u00bb4.21.0&Prime; _module_preset=\u00a0\u00bbdefault\u00a0\u00bb global_colors_info=\u00a0\u00bb{}\u00a0\u00bb][\/et_pb_fullwidth_image][\/et_pb_section]<\/p>\n","protected":false},"excerpt":{"rendered":"<p>\u2022 Strategic plan 2021-2024MissionLa mission de l\u2019Association des Sages-femmes Belges (BMA) est de cr\u00e9er du lien, soutenir et promouvoir les sages-femmes belges au niveau national. Nous d\u00e9fendons une pratique sage-femme bas\u00e9e sur les preuves*, ax\u00e9e sur les questions europ\u00e9ennes et internationales, ind\u00e9pendamment des int\u00e9r\u00eats politiques et commerciaux. Nous d\u00e9fendons l&rsquo;id\u00e9e que nous sommes plus fort.e.s [&hellip;]<\/p>\n","protected":false},"author":1,"featured_media":0,"parent":0,"menu_order":0,"comment_status":"closed","ping_status":"closed","template":"","meta":{"_et_pb_use_builder":"on","_et_pb_old_content":"","_et_gb_content_width":"","footnotes":""},"class_list":["post-1351","page","type-page","status-publish","hentry"],"yoast_head":"<!-- This site is optimized with the Yoast SEO plugin v25.7 - https:\/\/yoast.com\/wordpress\/plugins\/seo\/ -->\n<title>Plan strat\u00e9gique &#8211; Belgian Midwives Association<\/title>\n<meta name=\"robots\" content=\"index, follow, max-snippet:-1, max-image-preview:large, max-video-preview:-1\" \/>\n<link rel=\"canonical\" href=\"https:\/\/belgianmidwivesassociation.be\/fr\/plan-strategique\/\" \/>\n<meta property=\"og:locale\" content=\"fr_FR\" \/>\n<meta property=\"og:type\" content=\"article\" \/>\n<meta property=\"og:title\" content=\"Plan strat\u00e9gique &#8211; Belgian Midwives Association\" \/>\n<meta property=\"og:description\" content=\"\u2022 Strategic plan 2021-2024MissionLa mission de l\u2019Association des Sages-femmes Belges (BMA) est de cr\u00e9er du lien, soutenir et promouvoir les sages-femmes belges au niveau national. Nous d\u00e9fendons une pratique sage-femme bas\u00e9e sur les preuves*, ax\u00e9e sur les questions europ\u00e9ennes et internationales, ind\u00e9pendamment des int\u00e9r\u00eats politiques et commerciaux. Nous d\u00e9fendons l&#039;id\u00e9e que nous sommes plus fort.e.s [&hellip;]\" \/>\n<meta property=\"og:url\" content=\"https:\/\/belgianmidwivesassociation.be\/fr\/plan-strategique\/\" \/>\n<meta property=\"og:site_name\" content=\"Belgian Midwives Association\" \/>\n<meta property=\"article:modified_time\" content=\"2024-02-18T14:21:44+00:00\" \/>\n<meta name=\"twitter:card\" content=\"summary_large_image\" \/>\n<meta name=\"twitter:label1\" content=\"Dur\u00e9e de lecture estim\u00e9e\" \/>\n\t<meta name=\"twitter:data1\" content=\"7 minutes\" \/>\n<script type=\"application\/ld+json\" class=\"yoast-schema-graph\">{\"@context\":\"https:\/\/schema.org\",\"@graph\":[{\"@type\":\"WebPage\",\"@id\":\"https:\/\/belgianmidwivesassociation.be\/fr\/plan-strategique\/\",\"url\":\"https:\/\/belgianmidwivesassociation.be\/fr\/plan-strategique\/\",\"name\":\"Plan strat\u00e9gique &#8211; Belgian Midwives Association\",\"isPartOf\":{\"@id\":\"https:\/\/belgianmidwivesassociation.be\/fr\/#website\"},\"datePublished\":\"2022-10-14T13:06:54+00:00\",\"dateModified\":\"2024-02-18T14:21:44+00:00\",\"breadcrumb\":{\"@id\":\"https:\/\/belgianmidwivesassociation.be\/fr\/plan-strategique\/#breadcrumb\"},\"inLanguage\":\"fr-FR\",\"potentialAction\":[{\"@type\":\"ReadAction\",\"target\":[\"https:\/\/belgianmidwivesassociation.be\/fr\/plan-strategique\/\"]}]},{\"@type\":\"BreadcrumbList\",\"@id\":\"https:\/\/belgianmidwivesassociation.be\/fr\/plan-strategique\/#breadcrumb\",\"itemListElement\":[{\"@type\":\"ListItem\",\"position\":1,\"name\":\"Home\",\"item\":\"https:\/\/belgianmidwivesassociation.be\/fr\/accueil-fr\/\"},{\"@type\":\"ListItem\",\"position\":2,\"name\":\"Plan strat\u00e9gique\"}]},{\"@type\":\"WebSite\",\"@id\":\"https:\/\/belgianmidwivesassociation.be\/fr\/#website\",\"url\":\"https:\/\/belgianmidwivesassociation.be\/fr\/\",\"name\":\"Belgian Midwives Association\",\"description\":\"\",\"publisher\":{\"@id\":\"https:\/\/belgianmidwivesassociation.be\/fr\/#organization\"},\"potentialAction\":[{\"@type\":\"SearchAction\",\"target\":{\"@type\":\"EntryPoint\",\"urlTemplate\":\"https:\/\/belgianmidwivesassociation.be\/fr\/?s={search_term_string}\"},\"query-input\":{\"@type\":\"PropertyValueSpecification\",\"valueRequired\":true,\"valueName\":\"search_term_string\"}}],\"inLanguage\":\"fr-FR\"},{\"@type\":\"Organization\",\"@id\":\"https:\/\/belgianmidwivesassociation.be\/fr\/#organization\",\"name\":\"Belgian Midwives Association\",\"url\":\"https:\/\/belgianmidwivesassociation.be\/fr\/\",\"logo\":{\"@type\":\"ImageObject\",\"inLanguage\":\"fr-FR\",\"@id\":\"https:\/\/belgianmidwivesassociation.be\/fr\/#\/schema\/logo\/image\/\",\"url\":\"https:\/\/belgianmidwivesassociation.be\/wp-content\/uploads\/2022\/12\/BMA_Logo_Color_0809_cropped.png\",\"contentUrl\":\"https:\/\/belgianmidwivesassociation.be\/wp-content\/uploads\/2022\/12\/BMA_Logo_Color_0809_cropped.png\",\"width\":3598,\"height\":1439,\"caption\":\"Belgian Midwives Association\"},\"image\":{\"@id\":\"https:\/\/belgianmidwivesassociation.be\/fr\/#\/schema\/logo\/image\/\"}}]}<\/script>\n<!-- \/ Yoast SEO plugin. -->","yoast_head_json":{"title":"Plan strat\u00e9gique &#8211; Belgian Midwives Association","robots":{"index":"index","follow":"follow","max-snippet":"max-snippet:-1","max-image-preview":"max-image-preview:large","max-video-preview":"max-video-preview:-1"},"canonical":"https:\/\/belgianmidwivesassociation.be\/fr\/plan-strategique\/","og_locale":"fr_FR","og_type":"article","og_title":"Plan strat\u00e9gique &#8211; Belgian Midwives Association","og_description":"\u2022 Strategic plan 2021-2024MissionLa mission de l\u2019Association des Sages-femmes Belges (BMA) est de cr\u00e9er du lien, soutenir et promouvoir les sages-femmes belges au niveau national. Nous d\u00e9fendons une pratique sage-femme bas\u00e9e sur les preuves*, ax\u00e9e sur les questions europ\u00e9ennes et internationales, ind\u00e9pendamment des int\u00e9r\u00eats politiques et commerciaux. Nous d\u00e9fendons l'id\u00e9e que nous sommes plus fort.e.s [&hellip;]","og_url":"https:\/\/belgianmidwivesassociation.be\/fr\/plan-strategique\/","og_site_name":"Belgian Midwives Association","article_modified_time":"2024-02-18T14:21:44+00:00","twitter_card":"summary_large_image","twitter_misc":{"Dur\u00e9e de lecture estim\u00e9e":"7 minutes"},"schema":{"@context":"https:\/\/schema.org","@graph":[{"@type":"WebPage","@id":"https:\/\/belgianmidwivesassociation.be\/fr\/plan-strategique\/","url":"https:\/\/belgianmidwivesassociation.be\/fr\/plan-strategique\/","name":"Plan strat\u00e9gique &#8211; Belgian Midwives Association","isPartOf":{"@id":"https:\/\/belgianmidwivesassociation.be\/fr\/#website"},"datePublished":"2022-10-14T13:06:54+00:00","dateModified":"2024-02-18T14:21:44+00:00","breadcrumb":{"@id":"https:\/\/belgianmidwivesassociation.be\/fr\/plan-strategique\/#breadcrumb"},"inLanguage":"fr-FR","potentialAction":[{"@type":"ReadAction","target":["https:\/\/belgianmidwivesassociation.be\/fr\/plan-strategique\/"]}]},{"@type":"BreadcrumbList","@id":"https:\/\/belgianmidwivesassociation.be\/fr\/plan-strategique\/#breadcrumb","itemListElement":[{"@type":"ListItem","position":1,"name":"Home","item":"https:\/\/belgianmidwivesassociation.be\/fr\/accueil-fr\/"},{"@type":"ListItem","position":2,"name":"Plan strat\u00e9gique"}]},{"@type":"WebSite","@id":"https:\/\/belgianmidwivesassociation.be\/fr\/#website","url":"https:\/\/belgianmidwivesassociation.be\/fr\/","name":"Belgian Midwives Association","description":"","publisher":{"@id":"https:\/\/belgianmidwivesassociation.be\/fr\/#organization"},"potentialAction":[{"@type":"SearchAction","target":{"@type":"EntryPoint","urlTemplate":"https:\/\/belgianmidwivesassociation.be\/fr\/?s={search_term_string}"},"query-input":{"@type":"PropertyValueSpecification","valueRequired":true,"valueName":"search_term_string"}}],"inLanguage":"fr-FR"},{"@type":"Organization","@id":"https:\/\/belgianmidwivesassociation.be\/fr\/#organization","name":"Belgian Midwives Association","url":"https:\/\/belgianmidwivesassociation.be\/fr\/","logo":{"@type":"ImageObject","inLanguage":"fr-FR","@id":"https:\/\/belgianmidwivesassociation.be\/fr\/#\/schema\/logo\/image\/","url":"https:\/\/belgianmidwivesassociation.be\/wp-content\/uploads\/2022\/12\/BMA_Logo_Color_0809_cropped.png","contentUrl":"https:\/\/belgianmidwivesassociation.be\/wp-content\/uploads\/2022\/12\/BMA_Logo_Color_0809_cropped.png","width":3598,"height":1439,"caption":"Belgian Midwives Association"},"image":{"@id":"https:\/\/belgianmidwivesassociation.be\/fr\/#\/schema\/logo\/image\/"}}]}},"_links":{"self":[{"href":"https:\/\/belgianmidwivesassociation.be\/fr\/wp-json\/wp\/v2\/pages\/1351","targetHints":{"allow":["GET"]}}],"collection":[{"href":"https:\/\/belgianmidwivesassociation.be\/fr\/wp-json\/wp\/v2\/pages"}],"about":[{"href":"https:\/\/belgianmidwivesassociation.be\/fr\/wp-json\/wp\/v2\/types\/page"}],"author":[{"embeddable":true,"href":"https:\/\/belgianmidwivesassociation.be\/fr\/wp-json\/wp\/v2\/users\/1"}],"replies":[{"embeddable":true,"href":"https:\/\/belgianmidwivesassociation.be\/fr\/wp-json\/wp\/v2\/comments?post=1351"}],"version-history":[{"count":25,"href":"https:\/\/belgianmidwivesassociation.be\/fr\/wp-json\/wp\/v2\/pages\/1351\/revisions"}],"predecessor-version":[{"id":1677,"href":"https:\/\/belgianmidwivesassociation.be\/fr\/wp-json\/wp\/v2\/pages\/1351\/revisions\/1677"}],"wp:attachment":[{"href":"https:\/\/belgianmidwivesassociation.be\/fr\/wp-json\/wp\/v2\/media?parent=1351"}],"curies":[{"name":"wp","href":"https:\/\/api.w.org\/{rel}","templated":true}]}}